{"id":425,"date":"2019-09-16T19:31:26","date_gmt":"2019-09-16T17:31:26","guid":{"rendered":"https:\/\/logoscan.com\/politica-privacitat-copy\/"},"modified":"2025-02-02T10:46:40","modified_gmt":"2025-02-02T09:46:40","slug":"caavis-legalesaviso-legaluslegal-notice","status":"publish","type":"page","link":"https:\/\/logoscan.com\/es\/caavis-legalesaviso-legaluslegal-notice\/","title":{"rendered":"Av\u00edso Legal"},"content":{"rendered":"\n<h1 class=\"wp-block-heading has-theme-primary-color has-text-color\" style=\"font-size:32px\"><strong>Av\u00edso Legal<\/strong><\/h1>\n\n\n\n<p><br>1.Datos de la empresa<\/p>\n\n\n\n<p>En cumplimiento del art\u00edculo 10 de la Ley 34\/2002, de 11 de julio, de Servicios de la Sociedad de la Informaci\u00f3n y Comercio Electr\u00f3nico, a continuaci\u00f3n se exponen los datos identificativos de la empresa.<\/p>\n\n\n\n<p>Nombre: Logoscan, trabajos gr\u00e1ficos<br>Denominaci\u00f3n Social: Dimas Balaguer Burillo<br>Nif \/ Cif: 39679692T<br>Domicilio Social: Calle Corders, 2, nave 10 \u2013 Pol\u00edgono industrial \u2013 43800 Valls<br>Tel\u00e9fono: 977 612 842<br>Direcci\u00f3n de correo electr\u00f3nico: info@logoscan.com<\/p>\n\n\n\n<p>2.Propiedad Intelectual<\/p>\n\n\n\n<p>El c\u00f3digo fuente, los dise\u00f1os gr\u00e1ficos, las im\u00e1genes, las fotograf\u00edas, los sonidos, las animaciones, el software, los textos, as\u00ed como la informaci\u00f3n y los contenidos que se recogen en www.logoscan.com est\u00e1n protegidos por la legislaci\u00f3n espa\u00f1ola sobre los derechos de propiedad intelectual e industrial a favor de Dimas Balaguer Burillo (en adelante Logoscan, trabajos gr\u00e1ficos) y no se permite la reproducci\u00f3n y\/o publicaci\u00f3n, total o parcial, del sitio web, ni el tratamiento inform\u00e1tico, la distribuci\u00f3n , la difusi\u00f3n, ni su modificaci\u00f3n, transformaci\u00f3n o descompilaci\u00f3n, ni otros derechos reconocidos legalmente a su titular, sin el permiso previo y por escrito del mismo, Logoscan, trabajos gr\u00e1ficos.<\/p>\n\n\n\n<p>El usuario, \u00fanica y exclusivamente, puede utilizar el material que aparezca en este sitio web para su uso personal y privado, quedando prohibido su uso con fines comerciales o para incurrir en actividades il\u00edcitas. Todos los derechos derivados de la propiedad intelectual est\u00e1n expresamente reservados por Logoscan, trabajos gr\u00e1ficos.<\/p>\n\n\n\n<p>Logoscan, trabajos gr\u00e1ficos velar\u00e1 por el cumplimiento de las condiciones anteriores como por la debida utilizaci\u00f3n de los contenidos presentados en sus p\u00e1ginas web, ejercitando todas las acciones civiles y penales que le correspondan en el caso de infracci\u00f3n o incumplimiento de estos derechos por parte de el usuario.<\/p>\n\n\n\n<p>3.Protecci\u00f3n de datos de car\u00e1cter personal<br>En el marco del cumplimiento de la legislaci\u00f3n vigente, recogida en la Ley Org\u00e1nica 15\/1999, de 13 de diciembre, sobre protecci\u00f3n de Datos de Car\u00e1cter Personal (LOPD), cuyo objeto es garantizar y proteger, con respecto al tratamiento de los datos personales, las libertades y derechos fundamentales de las personas f\u00edsicas, y especialmente de su honor e intimidad personal, Logoscan, trabajos gr\u00e1ficos informa a los usuarios que: Logoscan, trabajos gr\u00e1ficos ha adoptado las medidas t\u00e9cnicas y organizativas conforme a lo dispuesto en la normativa vigente.<\/p>\n\n\n\n<p>Los Datos de Car\u00e1cter Personal que recoge Logoscan, trabajos gr\u00e1ficos son objeto de tratamiento automatizado y se incorporan debidamente registrados en la Agencia de Protecci\u00f3n de Datos, cuya titularidad corresponde a Logoscan, trabajos gr\u00e1ficos.<\/p>\n\n\n\n<p>La recogida y tratamiento automatizado de los Datos de Car\u00e1cter Personal tiene como finalidad el mantenimiento de la relaci\u00f3n contractual que en su caso se establezca con Logoscan, trabajos gr\u00e1ficos, as\u00ed como el ejercicio de las tareas de informaci\u00f3n, formaci\u00f3n, comercializaci\u00f3n (tarea esta \u00faltima siempre identificada como tal) y otras actividades propias de la empresa. Logoscan, trabajos gr\u00e1ficos ha adoptado los niveles de seguridad adecuados a los datos que se facilitan y, adem\u00e1s, se han instalado todos los medios y medidas t\u00e9cnicas a su alcance para evitar la p\u00e9rdida, mal uso, alteraci\u00f3n, acceso no autorizado y robo de los datos que nos facilitan. El usuario podr\u00e1, en todo momento, ejercitar los derechos reconocidos en la LOPD, de acceso, rectificaci\u00f3n, cancelaci\u00f3n y oposici\u00f3n.<\/p>\n\n\n\n<p>4.Varios<br>A.- Logoscan, trabajos gr\u00e1ficos utiliza cookies que se quedar\u00e1n almacenadas en el ordenador. Las cookies son peque\u00f1os archivos que nuestro ordenador env\u00eda al suyo, pero que no nos proporcionan informaci\u00f3n ni sobre su nombre, ni sobre cualquier dato de car\u00e1cter personal suyo. Las cookies que utilizamos no pueden leer datos de su ordenador ni leer las cookies que haya en su ordenador. Cuando el usuario se encuentre navegando por las p\u00e1ginas web de Logoscan, trabajos gr\u00e1ficos el servidor donde se encuentra alojada reconoce autom\u00e1ticamente la direcci\u00f3n IP de su ordenador, el d\u00eda y la hora en que comienza la visita, en la que abandona la visita, as\u00ed como informaci\u00f3n sobre las distintas secciones consultadas. Es necesario que el servidor conozca estos datos para poder comunicarse y enviarle la petici\u00f3n realizada y que a trav\u00e9s del navegador se pueda ver en la pantalla.<\/p>\n\n\n\n<p>Si lo desea puede configurar su navegador de forma que le avise en la pantalla si recibir\u00e1 una cookie. El usuario puede configurar su ordenador de forma que no reciba estas cookies, este hecho no impedir\u00e1 que se pueda acceder a la informaci\u00f3n del sitio web www.logoscan.com.<\/p>\n\n\n\n<p>B.- Logoscan, trabajos gr\u00e1ficos podr\u00e1 modificar, sin previo aviso, la informaci\u00f3n contenida en su sitio web, as\u00ed como su configuraci\u00f3n y presentaci\u00f3n.<\/p>\n\n\n\n<p>C.- Logoscan, trabajos gr\u00e1ficos se compromete a trav\u00e9s de este medio a NO REALIZAR PUBLICIDAD ENGA\u00d1OSA. A estos efectos, por tanto, no ser\u00e1n considerados como publicidad enga\u00f1osa los errores formales o num\u00e9ricos que puedan encontrarse a lo largo del contenido de las diferentes secciones de la web de Logoscan, trabajos gr\u00e1ficos, producidos como consecuencia de un mantenimiento y\/ o actualizaci\u00f3n incompleta o defectuosa de la informaci\u00f3n contenida es estas secciones. Logoscan, trabajos gr\u00e1ficos, como consecuencia de lo dispuesto en este apartado, se compromete a corregirlo tan pronto como tenga conocimiento.<\/p>\n","protected":false},"excerpt":{"rendered":"<p>Av\u00edso Legal 1.Datos de la empresa En cumplimiento del art\u00edculo 10 de la Ley 34\/2002, de 11 de julio, de Servicios de la Sociedad de la Informaci\u00f3n y Comercio Electr\u00f3nico, a continuaci\u00f3n se exponen los datos identificativos de la empresa. Nombre: Logoscan, trabajos gr\u00e1ficosDenominaci\u00f3n Social: Dimas Balaguer BurilloNif \/ Cif: 39679692TDomicilio Social: Calle Corders, 2, [&hellip;]<\/p>\n","protected":false},"author":1,"featured_media":0,"parent":0,"menu_order":4,"comment_status":"closed","ping_status":"closed","template":"","meta":{"_genesis_hide_title":false,"_genesis_hide_breadcrumbs":false,"_genesis_hide_singular_image":false,"_genesis_hide_footer_widgets":false,"_genesis_custom_body_class":"","_genesis_custom_post_class":"","_genesis_layout":"","_vp_format_video_url":"","_vp_image_focal_point":[],"footnotes":""},"class_list":{"0":"post-425","1":"page","2":"type-page","3":"status-publish","5":"entry"},"featured_image_src":null,"featured_image_src_square":null,"_links":{"self":[{"href":"https:\/\/logoscan.com\/es\/wp-json\/wp\/v2\/pages\/425","targetHints":{"allow":["GET"]}}],"collection":[{"href":"https:\/\/logoscan.com\/es\/wp-json\/wp\/v2\/pages"}],"about":[{"href":"https:\/\/logoscan.com\/es\/wp-json\/wp\/v2\/types\/page"}],"author":[{"embeddable":true,"href":"https:\/\/logoscan.com\/es\/wp-json\/wp\/v2\/users\/1"}],"replies":[{"embeddable":true,"href":"https:\/\/logoscan.com\/es\/wp-json\/wp\/v2\/comments?post=425"}],"version-history":[{"count":23,"href":"https:\/\/logoscan.com\/es\/wp-json\/wp\/v2\/pages\/425\/revisions"}],"predecessor-version":[{"id":1355,"href":"https:\/\/logoscan.com\/es\/wp-json\/wp\/v2\/pages\/425\/revisions\/1355"}],"wp:attachment":[{"href":"https:\/\/logoscan.com\/es\/wp-json\/wp\/v2\/media?parent=425"}],"curies":[{"name":"wp","href":"https:\/\/api.w.org\/{rel}","templated":true}]}}