{"id":427,"date":"2019-09-16T19:32:20","date_gmt":"2019-09-16T17:32:20","guid":{"rendered":"https:\/\/logoscan.com\/avis-legal-copy\/"},"modified":"2025-02-02T10:43:09","modified_gmt":"2025-02-02T09:43:09","slug":"capolitica-de-cookiesuscookie-policy","status":"publish","type":"page","link":"https:\/\/logoscan.com\/es\/capolitica-de-cookiesuscookie-policy\/","title":{"rendered":"Pol\u00edtica de cookies"},"content":{"rendered":"\n<h1 class=\"wp-block-heading\">Pol\u00edtica de cookies<\/h1>\n\n\n\n<h1 class=\"wp-block-heading has-theme-primary-color has-text-color\" style=\"font-size:32px\"><strong>Pol\u00edtica de cookies<\/strong><\/h1>\n\n\n\n<p><\/p>\n\n\n\n<p>En nuestra web utilizamos cookies para mejorar tu experiencia de usuario. Si navegas por nuestro sitio web, estar\u00e1s aceptando el uso de las cookies en las condiciones establecidas en la presente Pol\u00edtica de Cookies. Esta pol\u00edtica puede ser actualizada, por lo que te invitamos a revisarla de forma regular.<\/p>\n\n\n\n<p>\u00bfQU\u00c9 SON Y PARA QU\u00c9 SIRVEN LAS COOKIES?<\/p>\n\n\n\n<p>Las Cookies son peque\u00f1os archivos que se instalan en el ordenador o en el dispositivo durante el recorrido por las p\u00e1ginas web \/ aplicaciones para mantener un registro de tus preferencias y recordarlas cuando vuelva a visitarnos. El objetivo es facilitar el uso y la navegaci\u00f3n de los usuarios.<\/p>\n\n\n\n<p>\u00bfC\u00d3MO UTILIZAMOS LAS COOKIES?<\/p>\n\n\n\n<p>Navegar por este web supone que se puedan instalar los siguientes tipos de cookies:<\/p>\n\n\n\n<ol class=\"wp-block-list\">\n<li>Cookies imprescindibles<\/li>\n<\/ol>\n\n\n\n<p>Cookies imprescindibles Son estrictamente necesarias para el funcionamiento de un sitio web. Sin ellas, un sitio web no puede funcionar correctamente. Por ese motivo, no solicitamos su consentimiento expl\u00edcito respecto a estas cookies.<\/p>\n\n\n\n<ol start=\"2\" class=\"wp-block-list\">\n<li>Cookies funcionales<\/li>\n<\/ol>\n\n\n\n<p>Sirven para mejorar la funcionalidad del sitio web. Se trata, por ejemplo, de cookies que recuerdan el contenido que has visualizado anteriormente en este sitio web o la direcci\u00f3n de correo electr\u00f3nico y la contrase\u00f1a proporcionadas durante el registro en una visita anterior.<\/p>\n\n\n\n<ol start=\"3\" class=\"wp-block-list\">\n<li>Cookies anal\u00edticas propias o de terceros<\/li>\n<\/ol>\n\n\n\n<p>_utma<\/p>\n\n\n\n<p>_utmb<\/p>\n\n\n\n<p>_utmc<\/p>\n\n\n\n<p>_utmz<\/p>\n\n\n\n<p>Nos facilitan informaci\u00f3n estad\u00edstica sobre el uso que los usuarios realizan del portal. Estas cookies no permiten identificar al usuario, puesto que la informaci\u00f3n que recogen es an\u00f3nima y ser\u00e1 utilizada \u00fanicamente para mejora de las p\u00e1ginas y de navegaci\u00f3n por el portal, estad\u00edsticas de uso, velocidad de las b\u00fasquedas, medici\u00f3n de la actividad del sitio web, etc. Este web utiliza la herramienta gratuita de an\u00e1lisis web Google Analytics. Si quieres m\u00e1s informaci\u00f3n puedes encontrarla aqu\u00ed:https:\/\/developers.google.com\/analytics\/devguides\/collection\/analyticsjs\/cookieusage<\/p>\n\n\n\n<p>\u00bfC\u00d3MO PUEDE EVITAR QUE SE INSTALEN LAS COOKIES?<\/p>\n\n\n\n<p>Puedes permitir, bloquear o eliminar las cookies instaladas en tu equipo mediante la configuraci\u00f3n de las opciones de su navegador de internet. En el caso en que las bloquees, es posible que ciertos servicios que necesitan su uso no est\u00e9n disponibles. A continuaci\u00f3n te ofrecemos enlaces en los que encontrar\u00e1s informaci\u00f3n sobre c\u00f3mo puede activar sus preferencias en los principales navegadores:<\/p>\n\n\n\n<p>\u2013 Firefox:&nbsp;&nbsp;https:\/\/support.mozilla.org\/es\/kb\/cookies-informacion-que-los-sitios-webguardan-en-<\/p>\n\n\n\n<p>\u2013 Chrome:&nbsp;https:\/\/support.google.com\/chrome\/answer\/95647?hl=es<\/p>\n\n\n\n<p>\u2013 Cookies IExplorer:&nbsp;&nbsp;http:\/\/windows.microsoft.com\/es-xl\/internet-explorer\/delete-manage-cookies#ie=ie-10<\/p>\n\n\n\n<p>\u2013 Cookies Safari:&nbsp;&nbsp;https:\/\/support.apple.com\/kb\/PH17191?locale=en_US<\/p>\n\n\n\n<p>\u2013 Cookies Opera:&nbsp;http:\/\/help.opera.com\/Linux\/10.60\/es-ES\/cookies.html<\/p>\n","protected":false},"excerpt":{"rendered":"<p>Pol\u00edtica de cookies Pol\u00edtica de cookies En nuestra web utilizamos cookies para mejorar tu experiencia de usuario. Si navegas por nuestro sitio web, estar\u00e1s aceptando el uso de las cookies en las condiciones establecidas en la presente Pol\u00edtica de Cookies. Esta pol\u00edtica puede ser actualizada, por lo que te invitamos a revisarla de forma regular. [&hellip;]<\/p>\n","protected":false},"author":1,"featured_media":0,"parent":0,"menu_order":3,"comment_status":"closed","ping_status":"closed","template":"","meta":{"_genesis_hide_title":false,"_genesis_hide_breadcrumbs":false,"_genesis_hide_singular_image":false,"_genesis_hide_footer_widgets":false,"_genesis_custom_body_class":"","_genesis_custom_post_class":"","_genesis_layout":"","_vp_format_video_url":"","_vp_image_focal_point":[],"footnotes":""},"class_list":{"0":"post-427","1":"page","2":"type-page","3":"status-publish","5":"entry"},"featured_image_src":null,"featured_image_src_square":null,"_links":{"self":[{"href":"https:\/\/logoscan.com\/es\/wp-json\/wp\/v2\/pages\/427","targetHints":{"allow":["GET"]}}],"collection":[{"href":"https:\/\/logoscan.com\/es\/wp-json\/wp\/v2\/pages"}],"about":[{"href":"https:\/\/logoscan.com\/es\/wp-json\/wp\/v2\/types\/page"}],"author":[{"embeddable":true,"href":"https:\/\/logoscan.com\/es\/wp-json\/wp\/v2\/users\/1"}],"replies":[{"embeddable":true,"href":"https:\/\/logoscan.com\/es\/wp-json\/wp\/v2\/comments?post=427"}],"version-history":[{"count":9,"href":"https:\/\/logoscan.com\/es\/wp-json\/wp\/v2\/pages\/427\/revisions"}],"predecessor-version":[{"id":1238,"href":"https:\/\/logoscan.com\/es\/wp-json\/wp\/v2\/pages\/427\/revisions\/1238"}],"wp:attachment":[{"href":"https:\/\/logoscan.com\/es\/wp-json\/wp\/v2\/media?parent=427"}],"curies":[{"name":"wp","href":"https:\/\/api.w.org\/{rel}","templated":true}]}}