{"id":579,"date":"2022-07-15T18:33:24","date_gmt":"2022-07-15T16:33:24","guid":{"rendered":"https:\/\/logoscan.com\/homepage-3\/"},"modified":"2025-02-02T20:24:41","modified_gmt":"2025-02-02T19:24:41","slug":"convertim-les-teves-idees-en-realitat","status":"publish","type":"page","link":"https:\/\/logoscan.com\/es\/","title":{"rendered":"Convertimos tus ideas en realidad"},"content":{"rendered":"\n<h1 class=\"wp-block-heading has-text-align-center theme-huge-heading theme-font-weight-700 has-theme-primary-color has-text-color\" style=\"font-size:60px\"><strong>Logoscan, trabajos gr\u00e1ficos<\/strong><\/h1>\n\n\n\n<p class=\"has-text-align-center\" style=\"font-size:36px\"><strong><em><strong><em>\u2014 Convertimos tus ideas en realidad \u2014<\/em><\/strong><\/em><\/strong><\/p>\n\n\n\n<p><\/p>\n\n\n\n<p class=\"has-larger-font-size\">Comparte tu idea con nosotros, y buscaremos la mejor forma de llevarla a cabo utilizando los materiales m\u00e1s id\u00f3neos. Estamos comprometidos a convertir tus proyectos en realidad.<\/p>\n\n\n\n<p class=\"has-larger-font-size\">Trabajamos con una amplia gama de materiales, tanto flexibles como r\u00edgidos, aplicando los acabados m\u00e1s sofisticados para garantizar que tu proyecto se convierta en una obra espectacular.<\/p>\n\n\n\n<p><\/p>\n\n\n\n<p><\/p>\n\n\n\n<p><\/p>\n\n\n\n<p><\/p>\n\n\n\n<div class=\"wp-block-buttons is-content-justification-center is-layout-flex wp-block-buttons-is-layout-flex\">\n<div class=\"wp-block-button is-style-fill\"><a class=\"wp-block-button__link wp-element-button\" href=\"https:\/\/logoscan.com\/es\/cacontacteescontactouscontact\">Contacto<\/a><\/div>\n<\/div>\n\n\n\n<div style=\"height:30px\" aria-hidden=\"true\" class=\"wp-block-spacer\"><\/div>\n\n\n<section class=\"gb-block-post-grid featuredpost alignfull theme-porfolio-grid\"><div class=\"gb-post-grid-items is-grid columns-3\"><article id=\"post-1554\" class=\"gb-post-grid-item post-1554 post type-post status-publish format-standard has-post-thumbnail category-projectes entry\"><div class=\"gb-block-post-grid-image\"><a href=\"https:\/\/logoscan.com\/es\/ca-cubs-es-cubos-us-cubes\/\" rel=\"bookmark\" aria-hidden=\"true\" tabindex=\"-1\"><img loading=\"lazy\" decoding=\"async\" width=\"1200\" height=\"733\" src=\"https:\/\/logoscan.com\/wp-content\/uploads\/2025\/02\/cubs_0.jpg\" class=\"attachment-full size-full\" alt=\"\" srcset=\"https:\/\/logoscan.com\/wp-content\/uploads\/2025\/02\/cubs_0.jpg 1200w, https:\/\/logoscan.com\/wp-content\/uploads\/2025\/02\/cubs_0-400x244.jpg 400w, https:\/\/logoscan.com\/wp-content\/uploads\/2025\/02\/cubs_0-768x469.jpg 768w, https:\/\/logoscan.com\/wp-content\/uploads\/2025\/02\/cubs_0-500x305.jpg 500w, https:\/\/logoscan.com\/wp-content\/uploads\/2025\/02\/cubs_0-800x489.jpg 800w\" sizes=\"auto, (max-width: 1200px) 100vw, 1200px\" title=\"\"><\/a><\/div><div class=\"gb-block-post-grid-text\"><header class=\"gb-block-post-grid-header\"><h2 class=\"gb-block-post-grid-title\"><a href=\"https:\/\/logoscan.com\/es\/ca-cubs-es-cubos-us-cubes\/\" rel=\"bookmark\">\u2014 Cubos \u2014<\/a><\/h2><div class=\"gb-block-post-grid-byline\"><\/div><\/header><div class=\"gb-block-post-grid-excerpt\"><p>Cubos de diferentes formas, tama\u00f1os, y tambi\u00e9n con diferentes materiales y acabados.<br \/>\nGrabados o impresos para dar un valor a\u00f1adido a tu escaparate o estancia.<\/p>\n<\/div><\/div><\/article>\n<article id=\"post-1591\" class=\"gb-post-grid-item post-1591 post type-post status-publish format-standard has-post-thumbnail category-projectes entry\"><div class=\"gb-block-post-grid-image\"><a href=\"https:\/\/logoscan.com\/es\/ca-exposicions-es-exposiciones-us-exhibitions\/\" rel=\"bookmark\" aria-hidden=\"true\" tabindex=\"-1\"><img loading=\"lazy\" decoding=\"async\" width=\"1200\" height=\"733\" src=\"https:\/\/logoscan.com\/wp-content\/uploads\/2022\/07\/exposicions-0.jpg\" class=\"attachment-full size-full\" alt=\"Exposicions amb varietat de productes per imprimir per museus, ajuntaments, col\u00b7legis.\" srcset=\"https:\/\/logoscan.com\/wp-content\/uploads\/2022\/07\/exposicions-0.jpg 1200w, https:\/\/logoscan.com\/wp-content\/uploads\/2022\/07\/exposicions-0-300x183.jpg 300w, https:\/\/logoscan.com\/wp-content\/uploads\/2022\/07\/exposicions-0-768x469.jpg 768w\" sizes=\"auto, (max-width: 1200px) 100vw, 1200px\" title=\"\"><\/a><\/div><div class=\"gb-block-post-grid-text\"><header class=\"gb-block-post-grid-header\"><h2 class=\"gb-block-post-grid-title\"><a href=\"https:\/\/logoscan.com\/es\/ca-exposicions-es-exposiciones-us-exhibitions\/\" rel=\"bookmark\">\u2014 Exposiciones \u2014<\/a><\/h2><div class=\"gb-block-post-grid-byline\"><\/div><\/header><div class=\"gb-block-post-grid-excerpt\"><p>Exposiciones temporales, permanentes con una gran variedad de materiales, paneles, vinilo de corte, vinilo impreso, lonas,&#8230; Con una gran variedad de acabados para que tu exposici\u00f3n sea perfecta.<\/p>\n<\/div><\/div><\/article>\n<article id=\"post-1620\" class=\"gb-post-grid-item post-1620 post type-post status-publish format-standard has-post-thumbnail category-projectes entry\"><div class=\"gb-block-post-grid-image\"><a href=\"https:\/\/logoscan.com\/es\/ca-retols-es-rotulos-us-signs\/\" rel=\"bookmark\" aria-hidden=\"true\" tabindex=\"-1\"><img loading=\"lazy\" decoding=\"async\" width=\"1200\" height=\"733\" src=\"https:\/\/logoscan.com\/wp-content\/uploads\/2019\/11\/rigids_0-1-1.jpg\" class=\"attachment-full size-full\" alt=\"\" srcset=\"https:\/\/logoscan.com\/wp-content\/uploads\/2019\/11\/rigids_0-1-1.jpg 1200w, https:\/\/logoscan.com\/wp-content\/uploads\/2019\/11\/rigids_0-1-1-300x183.jpg 300w, https:\/\/logoscan.com\/wp-content\/uploads\/2019\/11\/rigids_0-1-1-1024x625.jpg 1024w, https:\/\/logoscan.com\/wp-content\/uploads\/2019\/11\/rigids_0-1-1-768x469.jpg 768w\" sizes=\"auto, (max-width: 1200px) 100vw, 1200px\" title=\"\"><\/a><\/div><div class=\"gb-block-post-grid-text\"><header class=\"gb-block-post-grid-header\"><h2 class=\"gb-block-post-grid-title\"><a href=\"https:\/\/logoscan.com\/es\/ca-retols-es-rotulos-us-signs\/\" rel=\"bookmark\">\u2014 R\u00f3tulos \u2014<\/a><\/h2><div class=\"gb-block-post-grid-byline\"><\/div><\/header><div class=\"gb-block-post-grid-excerpt\"><p>Realizamos r\u00f3tulos, cajas de luz y letras corp\u00f3reas a medida. Disponemos de una amplia variedad de materiales, s\u00e1ndwich de aluminio, madera, metacrilato, aluminio, acero&#8230;<br \/>\nRealizamos el r\u00f3tulo para adaptarnos a sus necesidades.<\/p>\n<\/div><\/div><\/article>\n<article id=\"post-1637\" class=\"gb-post-grid-item post-1637 post type-post status-publish format-standard has-post-thumbnail category-projectes entry\"><div class=\"gb-block-post-grid-image\"><a href=\"https:\/\/logoscan.com\/es\/ca-expositors-es-expositores-us-exhibitors\/\" rel=\"bookmark\" aria-hidden=\"true\" tabindex=\"-1\"><img loading=\"lazy\" decoding=\"async\" width=\"1200\" height=\"733\" src=\"https:\/\/logoscan.com\/wp-content\/uploads\/2019\/09\/expositor_0.jpg\" class=\"attachment-full size-full\" alt=\"\" srcset=\"https:\/\/logoscan.com\/wp-content\/uploads\/2019\/09\/expositor_0.jpg 1200w, https:\/\/logoscan.com\/wp-content\/uploads\/2019\/09\/expositor_0-300x183.jpg 300w, https:\/\/logoscan.com\/wp-content\/uploads\/2019\/09\/expositor_0-768x469.jpg 768w, https:\/\/logoscan.com\/wp-content\/uploads\/2019\/09\/expositor_0-1024x625.jpg 1024w\" sizes=\"auto, (max-width: 1200px) 100vw, 1200px\" title=\"\"><\/a><\/div><div class=\"gb-block-post-grid-text\"><header class=\"gb-block-post-grid-header\"><h2 class=\"gb-block-post-grid-title\"><a href=\"https:\/\/logoscan.com\/es\/ca-expositors-es-expositores-us-exhibitors\/\" rel=\"bookmark\">\u2014 Expositores \u2014<\/a><\/h2><div class=\"gb-block-post-grid-byline\"><\/div><\/header><div class=\"gb-block-post-grid-excerpt\"><p>Expositores de mesa, expositores, t\u00f3tems, roll-ups, pop ups y otros muchos materiales, tanto para interior como para exterior.<\/p>\n<\/div><\/div><\/article>\n<article id=\"post-1679\" class=\"gb-post-grid-item post-1679 post type-post status-publish format-standard has-post-thumbnail category-projectes entry\"><div class=\"gb-block-post-grid-image\"><a href=\"https:\/\/logoscan.com\/es\/ca-vinils-es-vinilos-us-vinyls\/\" rel=\"bookmark\" aria-hidden=\"true\" tabindex=\"-1\"><img loading=\"lazy\" decoding=\"async\" width=\"1200\" height=\"733\" src=\"https:\/\/logoscan.com\/wp-content\/uploads\/2022\/07\/vinil_0.jpg\" class=\"attachment-full size-full\" alt=\"\" srcset=\"https:\/\/logoscan.com\/wp-content\/uploads\/2022\/07\/vinil_0.jpg 1200w, https:\/\/logoscan.com\/wp-content\/uploads\/2022\/07\/vinil_0-300x183.jpg 300w, https:\/\/logoscan.com\/wp-content\/uploads\/2022\/07\/vinil_0-768x469.jpg 768w\" sizes=\"auto, (max-width: 1200px) 100vw, 1200px\" title=\"\"><\/a><\/div><div class=\"gb-block-post-grid-text\"><header class=\"gb-block-post-grid-header\"><h2 class=\"gb-block-post-grid-title\"><a href=\"https:\/\/logoscan.com\/es\/ca-vinils-es-vinilos-us-vinyls\/\" rel=\"bookmark\">\u2014 Vinilos \u2014<\/a><\/h2><div class=\"gb-block-post-grid-byline\"><\/div><\/header><div class=\"gb-block-post-grid-excerpt\"><p>Vinilos de corte, impresos, de pared y para todo tipo de superficies. Rotulaci\u00f3n de paredes, veh\u00edculos, cristales y otras superficies.<\/p>\n<\/div><\/div><\/article>\n<article id=\"post-1497\" class=\"gb-post-grid-item post-1497 post type-post status-publish format-standard has-post-thumbnail category-projectes entry\"><div class=\"gb-block-post-grid-image\"><a href=\"https:\/\/logoscan.com\/es\/ca-lones-es-lonas-us-banners\/\" rel=\"bookmark\" aria-hidden=\"true\" tabindex=\"-1\"><img loading=\"lazy\" decoding=\"async\" width=\"1200\" height=\"733\" src=\"https:\/\/logoscan.com\/wp-content\/uploads\/2022\/07\/lones_0.jpg\" class=\"attachment-full size-full\" alt=\"Totem institut d&#039;estudis vallencs, programaci\u00f3\" srcset=\"https:\/\/logoscan.com\/wp-content\/uploads\/2022\/07\/lones_0.jpg 1200w, https:\/\/logoscan.com\/wp-content\/uploads\/2022\/07\/lones_0-300x183.jpg 300w, https:\/\/logoscan.com\/wp-content\/uploads\/2022\/07\/lones_0-768x469.jpg 768w\" sizes=\"auto, (max-width: 1200px) 100vw, 1200px\" title=\"\"><\/a><\/div><div class=\"gb-block-post-grid-text\"><header class=\"gb-block-post-grid-header\"><h2 class=\"gb-block-post-grid-title\"><a href=\"https:\/\/logoscan.com\/es\/ca-lones-es-lonas-us-banners\/\" rel=\"bookmark\">\u2014 Lonas \u2014<\/a><\/h2><div class=\"gb-block-post-grid-byline\"><\/div><\/header><div class=\"gb-block-post-grid-excerpt\"><p>Lonas publicitarias resistentes y personalizadas. Perfectas para exteriores, eventos, exposiciones y promociones.<br \/>\nImpresi\u00f3n en gran formato.<\/p>\n<\/div><\/div><\/article>\n<article id=\"post-1652\" class=\"gb-post-grid-item post-1652 post type-post status-publish format-standard has-post-thumbnail category-projectes entry\"><div class=\"gb-block-post-grid-image\"><a href=\"https:\/\/logoscan.com\/es\/ca-retolacio-vehicles-es-rotulacion-vehiculos-us-vehicle-signage\/\" rel=\"bookmark\" aria-hidden=\"true\" tabindex=\"-1\"><img loading=\"lazy\" decoding=\"async\" width=\"1200\" height=\"733\" src=\"https:\/\/logoscan.com\/wp-content\/uploads\/2022\/07\/vehicles-0.jpg\" class=\"attachment-full size-full\" alt=\"\" srcset=\"https:\/\/logoscan.com\/wp-content\/uploads\/2022\/07\/vehicles-0.jpg 1200w, https:\/\/logoscan.com\/wp-content\/uploads\/2022\/07\/vehicles-0-300x183.jpg 300w, https:\/\/logoscan.com\/wp-content\/uploads\/2022\/07\/vehicles-0-768x469.jpg 768w\" sizes=\"auto, (max-width: 1200px) 100vw, 1200px\" title=\"\"><\/a><\/div><div class=\"gb-block-post-grid-text\"><header class=\"gb-block-post-grid-header\"><h2 class=\"gb-block-post-grid-title\"><a href=\"https:\/\/logoscan.com\/es\/ca-retolacio-vehicles-es-rotulacion-vehiculos-us-vehicle-signage\/\" rel=\"bookmark\">\u2014 Rotulaci\u00f3n veh\u00edculos \u2014<\/a><\/h2><div class=\"gb-block-post-grid-byline\"><\/div><\/header><div class=\"gb-block-post-grid-excerpt\"><p>Con la rotulaci\u00f3n de veh\u00edculos, dise\u00f1amos la imagen de tu empresa, para coches, furgonetas, remolques, camiones&#8230; Rotulaciones con vinilo de corte o digital, Rotulaci\u00f3n integral para conseguir la mejor imagen para tu veh\u00edculo.<\/p>\n<\/div><\/div><\/article>\n<article id=\"post-1664\" class=\"gb-post-grid-item post-1664 post type-post status-publish format-standard has-post-thumbnail category-projectes entry\"><div class=\"gb-block-post-grid-image\"><a href=\"https:\/\/logoscan.com\/es\/packaging\/\" rel=\"bookmark\" aria-hidden=\"true\" tabindex=\"-1\"><img loading=\"lazy\" decoding=\"async\" width=\"1200\" height=\"733\" src=\"https:\/\/logoscan.com\/wp-content\/uploads\/2022\/07\/packaging_0.jpg\" class=\"attachment-full size-full\" alt=\"\" srcset=\"https:\/\/logoscan.com\/wp-content\/uploads\/2022\/07\/packaging_0.jpg 1200w, https:\/\/logoscan.com\/wp-content\/uploads\/2022\/07\/packaging_0-300x183.jpg 300w, https:\/\/logoscan.com\/wp-content\/uploads\/2022\/07\/packaging_0-768x469.jpg 768w\" sizes=\"auto, (max-width: 1200px) 100vw, 1200px\" title=\"\"><\/a><\/div><div class=\"gb-block-post-grid-text\"><header class=\"gb-block-post-grid-header\"><h2 class=\"gb-block-post-grid-title\"><a href=\"https:\/\/logoscan.com\/es\/packaging\/\" rel=\"bookmark\">\u2014 Packaging \u2014<\/a><\/h2><div class=\"gb-block-post-grid-byline\"><\/div><\/header><div class=\"gb-block-post-grid-excerpt\"><p>Embalajes personalizados para adaptarse a su negocio.<br \/>\nEmbalajes en peque\u00f1as tiradas.<br \/>\nTambi\u00e9n realizamos prototipos de embalajes.<br \/>\nD\u00e9 vida a sus ideas de embalajes con infinitas opciones de embalajes y accesorios personalizados.<\/p>\n<\/div><\/div><\/article>\n<article id=\"post-1520\" class=\"gb-post-grid-item post-1520 post type-post status-publish format-standard has-post-thumbnail category-projectes entry\"><div class=\"gb-block-post-grid-image\"><a href=\"https:\/\/logoscan.com\/es\/ca-trofeus-i-reconeixements-es-trofeos-y-reconocimientos-us-trophies-and-awards\/\" rel=\"bookmark\" aria-hidden=\"true\" tabindex=\"-1\"><img loading=\"lazy\" decoding=\"async\" width=\"1200\" height=\"733\" src=\"https:\/\/logoscan.com\/wp-content\/uploads\/2025\/02\/reconeixements-0.jpg\" class=\"attachment-full size-full\" alt=\"\" srcset=\"https:\/\/logoscan.com\/wp-content\/uploads\/2025\/02\/reconeixements-0.jpg 1200w, https:\/\/logoscan.com\/wp-content\/uploads\/2025\/02\/reconeixements-0-400x244.jpg 400w, https:\/\/logoscan.com\/wp-content\/uploads\/2025\/02\/reconeixements-0-768x469.jpg 768w, https:\/\/logoscan.com\/wp-content\/uploads\/2025\/02\/reconeixements-0-500x305.jpg 500w, https:\/\/logoscan.com\/wp-content\/uploads\/2025\/02\/reconeixements-0-800x489.jpg 800w\" sizes=\"auto, (max-width: 1200px) 100vw, 1200px\" title=\"\"><\/a><\/div><div class=\"gb-block-post-grid-text\"><header class=\"gb-block-post-grid-header\"><h2 class=\"gb-block-post-grid-title\"><a href=\"https:\/\/logoscan.com\/es\/ca-trofeus-i-reconeixements-es-trofeos-y-reconocimientos-us-trophies-and-awards\/\" rel=\"bookmark\">\u2014 Trofeos y reconocimientos \u2014<\/a><\/h2><div class=\"gb-block-post-grid-byline\"><\/div><\/header><div class=\"gb-block-post-grid-excerpt\"><p>Trofeos o reconocimientos en piedra, madera, metacrilato, &#8230; Cualquier material es posible en el dise\u00f1o de un trofeo. El \u00e9xito de un trofeo o reconocimiento no depende tanto de los materiales como de la acertada combinaci\u00f3n de los mismos.<\/p>\n<\/div><\/div><\/article>\n<article id=\"post-1701\" class=\"gb-post-grid-item post-1701 post type-post status-publish format-standard has-post-thumbnail category-projectes entry\"><div class=\"gb-block-post-grid-image\"><a href=\"https:\/\/logoscan.com\/es\/ca-altres-materials-es-otros-materiales-us-other-materials\/\" rel=\"bookmark\" aria-hidden=\"true\" tabindex=\"-1\"><img loading=\"lazy\" decoding=\"async\" width=\"1200\" height=\"733\" src=\"https:\/\/logoscan.com\/wp-content\/uploads\/2022\/07\/altres_materials_0.jpg\" class=\"attachment-full size-full\" alt=\"\" srcset=\"https:\/\/logoscan.com\/wp-content\/uploads\/2022\/07\/altres_materials_0.jpg 1200w, https:\/\/logoscan.com\/wp-content\/uploads\/2022\/07\/altres_materials_0-300x183.jpg 300w, https:\/\/logoscan.com\/wp-content\/uploads\/2022\/07\/altres_materials_0-768x469.jpg 768w\" sizes=\"auto, (max-width: 1200px) 100vw, 1200px\" title=\"\"><\/a><\/div><div class=\"gb-block-post-grid-text\"><header class=\"gb-block-post-grid-header\"><h2 class=\"gb-block-post-grid-title\"><a href=\"https:\/\/logoscan.com\/es\/ca-altres-materials-es-otros-materiales-us-other-materials\/\" rel=\"bookmark\">\u2014 Otros materiales \u2014<\/a><\/h2><div class=\"gb-block-post-grid-byline\"><\/div><\/header><div class=\"gb-block-post-grid-excerpt\"><p>Carteles, pizarras, lonas, cart\u00f3n microcanal, cart\u00f3n nido de abeja, folding, textiles, magn\u00e9ticos, contrachapado, dm, metacrilato, polipropileno y una gran variedad de materiales.<\/p>\n<\/div><\/div><\/article>\n<\/div><\/section>\n\n\n<div style=\"height:30px\" aria-hidden=\"true\" class=\"wp-block-spacer\"><\/div>\n\n\n\n<p><\/p>\n\n\n\n<div class=\"wp-block-buttons is-content-justification-center is-layout-flex wp-block-buttons-is-layout-flex\">\n<div class=\"wp-block-button is-style-fill\"><a class=\"wp-block-button__link has-theme-secondary-color has-text-color wp-element-button\" href=\"https:\/\/logoscan.com\/es\/cavull-mes-informacioesquiero-mas-informacionusi-want-more-information\">\u00a1Quiero m\u00e1s informaci\u00f3n!<\/a><\/div>\n<\/div>\n","protected":false},"excerpt":{"rendered":"<p>Comparteix la teva idea amb nosaltres, i buscarem la millor manera de dur la a terme utilitzant els materials m\u00e9s idonis. Estem compromesos a convertir els teus projectes en realitat.<\/p>\n<p>Treballem amb una \u00e0mplia gamma de materials, tant flexibles com r\u00edgids, i apliquem els acabats m\u00e9s sofisticats per garantir que el teu projecte es converteixi en una obra espectacular.<\/p>\n","protected":false},"author":1,"featured_media":816,"parent":0,"menu_order":0,"comment_status":"closed","ping_status":"closed","template":"","meta":{"_genesis_hide_title":true,"_genesis_hide_breadcrumbs":false,"_genesis_hide_singular_image":false,"_genesis_hide_footer_widgets":false,"_genesis_custom_body_class":"","_genesis_custom_post_class":"","_genesis_layout":"","_vp_format_video_url":"","_vp_image_focal_point":[],"footnotes":""},"class_list":{"0":"post-579","1":"page","2":"type-page","3":"status-publish","4":"has-post-thumbnail","6":"entry"},"featured_image_src":"https:\/\/logoscan.com\/wp-content\/uploads\/2022\/07\/lones_0-600x400.jpg","featured_image_src_square":"https:\/\/logoscan.com\/wp-content\/uploads\/2022\/07\/lones_0-600x600.jpg","_links":{"self":[{"href":"https:\/\/logoscan.com\/es\/wp-json\/wp\/v2\/pages\/579","targetHints":{"allow":["GET"]}}],"collection":[{"href":"https:\/\/logoscan.com\/es\/wp-json\/wp\/v2\/pages"}],"about":[{"href":"https:\/\/logoscan.com\/es\/wp-json\/wp\/v2\/types\/page"}],"author":[{"embeddable":true,"href":"https:\/\/logoscan.com\/es\/wp-json\/wp\/v2\/users\/1"}],"replies":[{"embeddable":true,"href":"https:\/\/logoscan.com\/es\/wp-json\/wp\/v2\/comments?post=579"}],"version-history":[{"count":57,"href":"https:\/\/logoscan.com\/es\/wp-json\/wp\/v2\/pages\/579\/revisions"}],"predecessor-version":[{"id":1605,"href":"https:\/\/logoscan.com\/es\/wp-json\/wp\/v2\/pages\/579\/revisions\/1605"}],"wp:featuredmedia":[{"embeddable":true,"href":"https:\/\/logoscan.com\/es\/wp-json\/wp\/v2\/media\/816"}],"wp:attachment":[{"href":"https:\/\/logoscan.com\/es\/wp-json\/wp\/v2\/media?parent=579"}],"curies":[{"name":"wp","href":"https:\/\/api.w.org\/{rel}","templated":true}]}}